{"id":137,"date":"2018-10-18T10:09:17","date_gmt":"2018-10-18T10:09:17","guid":{"rendered":"http:\/\/bb-netzdesign.de\/?page_id=137"},"modified":"2022-07-12T19:38:19","modified_gmt":"2022-07-12T19:38:19","slug":"ueber-uns","status":"publish","type":"page","link":"https:\/\/bb-netzdesign.de\/?page_id=137","title":{"rendered":""},"content":{"rendered":"<p><strong>Professionell \u2013 Unabh\u00e4ngig &#8211; Flexibel<\/strong><\/p>\n<p>Mehr als 22 Jahre Erfahrung machen uns zu Ihrem Partner in allen Fragen der Planung und Dokumentation von Koaxial- und Glasfasernetzen. Bei uns k\u00f6nnen Sie sich auf technische Expertise und Professionalit\u00e4t verlassen.<!--more--><\/p>\n<p>Als reines Planungsunternehmen arbeiten wir unabh\u00e4ngig, neutral und kostenef\ufb01zient, was unseren Kunden und Partnern den gr\u00f6\u00dftm\u00f6glichen Entscheidungs- und Handlungsspielraum bietet. Bei der Ausarbeitung unserer Konzepte haben wir stets Sie und Ihr Projekt im Blick, um unserem Anspruch, das bestm\u00f6gliche Ergebnis zu pr\u00e4sentieren, gerecht zu werden.<!--more--><\/p>\n<p>F\u00fcr unsere Dienstleistungen nutzen wir prim\u00e4r die Software AND\u00a9. Neben der Planung und Dokumentation bieten wir in Zusammenarbeit mit dem Softwarehersteller AND auch Schulungen sowie Fortbildungskurse an und stehen damit f\u00fcr gr\u00f6\u00dftes Know-How im Umgang mit der Software. Durch unsere Dozentent\u00e4tigkeit f\u00fcr die dibkom, sind wir immer auf dem neuesten Wissenstand rund um das Thema Breitbandnetze. <!--more--><\/p>\n<p>Aufgrund unserer intelligenten L\u00f6sungen d\u00fcrfen wir seit vielen Jahren f\u00fchrende deutsche und europ\u00e4ische Netzbetreiber zu unseren Partnern und zufriedenen Kunden z\u00e4hlen, die neben unserer Flexibilit\u00e4t auch unsere Verl\u00e4sslichkeit zu sch\u00e4tzen wissen.<\/p>\n","protected":false},"excerpt":{"rendered":"<p>Professionell \u2013 Unabh\u00e4ngig &#8211; Flexibel Mehr als 22 Jahre Erfahrung machen uns zu Ihrem Partner in allen Fragen der Planung und Dokumentation von Koaxial- und Glasfasernetzen. Bei uns k\u00f6nnen Sie &#8230;<\/p>\n","protected":false},"author":1,"featured_media":0,"parent":0,"menu_order":0,"comment_status":"closed","ping_status":"closed","template":"","meta":{"footnotes":""},"class_list":["post-137","page","type-page","status-publish","hentry"],"_links":{"self":[{"href":"https:\/\/bb-netzdesign.de\/index.php?rest_route=\/wp\/v2\/pages\/137","targetHints":{"allow":["GET"]}}],"collection":[{"href":"https:\/\/bb-netzdesign.de\/index.php?rest_route=\/wp\/v2\/pages"}],"about":[{"href":"https:\/\/bb-netzdesign.de\/index.php?rest_route=\/wp\/v2\/types\/page"}],"author":[{"embeddable":true,"href":"https:\/\/bb-netzdesign.de\/index.php?rest_route=\/wp\/v2\/users\/1"}],"replies":[{"embeddable":true,"href":"https:\/\/bb-netzdesign.de\/index.php?rest_route=%2Fwp%2Fv2%2Fcomments&post=137"}],"version-history":[{"count":5,"href":"https:\/\/bb-netzdesign.de\/index.php?rest_route=\/wp\/v2\/pages\/137\/revisions"}],"predecessor-version":[{"id":406,"href":"https:\/\/bb-netzdesign.de\/index.php?rest_route=\/wp\/v2\/pages\/137\/revisions\/406"}],"wp:attachment":[{"href":"https:\/\/bb-netzdesign.de\/index.php?rest_route=%2Fwp%2Fv2%2Fmedia&parent=137"}],"curies":[{"name":"wp","href":"https:\/\/api.w.org\/{rel}","templated":true}]}}