{"id":140,"date":"2018-10-18T10:11:42","date_gmt":"2018-10-18T10:11:42","guid":{"rendered":"http:\/\/bb-netzdesign.de\/?page_id=140"},"modified":"2022-07-13T07:15:26","modified_gmt":"2022-07-13T07:15:26","slug":"unsere-leistungen","status":"publish","type":"page","link":"https:\/\/bb-netzdesign.de\/?page_id=140","title":{"rendered":""},"content":{"rendered":"<p><span style=\"color: #ff6600;\"><strong>Prozessanalyse<\/strong><\/span><\/p>\n<p>Bestehende Prozesse und eingeschliffene Routinen von innen heraus zu optimieren, stellt sich h\u00e4ufig als schwierig heraus. Der Blick und die Begleitung von au\u00dfen unterst\u00fctzt Mitarbeiter und F\u00fchrungskr\u00e4fte dabei, Abl\u00e4ufe und Strukturen anders zu sehen und aufzustellen. Bei der Analyse Ihrer spezifischen Workflows profitieren Sie von unserer breiten Erfahrung \u2013 immer mit dem Blick auf den Prozess, aber auch im Umgang mit unseren Kunden und deren Mitarbeitern. Ziele k\u00f6nnen dabei in der Optimierung von Schnittstellen, der Beschleunigung von Arbeitsabl\u00e4ufen und der Verringerung von Reibungsverlusten liegen. Aus unserer Erfahrung machen sich stabile Prozesse nicht nur monet\u00e4r bezahlt sondern auch in der Zufriedenheit der Besch\u00e4ftigten, da sie f\u00fcr Transparenz und Sicherheit sorgen.<\/p>\n","protected":false},"excerpt":{"rendered":"<p>Prozessanalyse Bestehende Prozesse und eingeschliffene Routinen von innen heraus zu optimieren, stellt sich h\u00e4ufig als schwierig heraus. Der Blick und die Begleitung von au\u00dfen unterst\u00fctzt Mitarbeiter und F\u00fchrungskr\u00e4fte dabei, Abl\u00e4ufe &#8230;<\/p>\n","protected":false},"author":1,"featured_media":0,"parent":148,"menu_order":0,"comment_status":"closed","ping_status":"closed","template":"","meta":{"footnotes":""},"class_list":["post-140","page","type-page","status-publish","hentry"],"_links":{"self":[{"href":"https:\/\/bb-netzdesign.de\/index.php?rest_route=\/wp\/v2\/pages\/140","targetHints":{"allow":["GET"]}}],"collection":[{"href":"https:\/\/bb-netzdesign.de\/index.php?rest_route=\/wp\/v2\/pages"}],"about":[{"href":"https:\/\/bb-netzdesign.de\/index.php?rest_route=\/wp\/v2\/types\/page"}],"author":[{"embeddable":true,"href":"https:\/\/bb-netzdesign.de\/index.php?rest_route=\/wp\/v2\/users\/1"}],"replies":[{"embeddable":true,"href":"https:\/\/bb-netzdesign.de\/index.php?rest_route=%2Fwp%2Fv2%2Fcomments&post=140"}],"version-history":[{"count":9,"href":"https:\/\/bb-netzdesign.de\/index.php?rest_route=\/wp\/v2\/pages\/140\/revisions"}],"predecessor-version":[{"id":448,"href":"https:\/\/bb-netzdesign.de\/index.php?rest_route=\/wp\/v2\/pages\/140\/revisions\/448"}],"up":[{"embeddable":true,"href":"https:\/\/bb-netzdesign.de\/index.php?rest_route=\/wp\/v2\/pages\/148"}],"wp:attachment":[{"href":"https:\/\/bb-netzdesign.de\/index.php?rest_route=%2Fwp%2Fv2%2Fmedia&parent=140"}],"curies":[{"name":"wp","href":"https:\/\/api.w.org\/{rel}","templated":true}]}}