{"id":145,"date":"2018-10-18T10:26:46","date_gmt":"2018-10-18T10:26:46","guid":{"rendered":"http:\/\/bb-netzdesign.de\/?page_id=145"},"modified":"2022-07-13T07:12:53","modified_gmt":"2022-07-13T07:12:53","slug":"145-2","status":"publish","type":"page","link":"https:\/\/bb-netzdesign.de\/?page_id=145","title":{"rendered":""},"content":{"rendered":"<p><span style=\"color: #ff6600;\"><strong>Planung<\/strong><\/span><\/p>\n<p>Glasfaser (FTTB, FTTH, FTTC), Koax (HFC, NE3, NE4) und SAT Netze planen und dokumentieren wir schwerpunktm\u00e4\u00dfig mit AND, \u2013 nach Kundenwunsch \u2013 jedoch auch mit anderen Softwaretools. Unser Fokus liegt dabei nicht nur auf performanten L\u00f6sungen, sondern auf Konzepten, die zukunftssicher und erweiterungsf\u00e4hig sind. Dies entscheidet sich oftmals an kleinen Weichenstellungen, die perspektivisch jedoch erhebliche Einsparungspotenziale nach sich ziehen. Ein bestehendes Netz sinnvoll zu erweitern und flexibel an ver\u00e4nderte Anforderungen anpassen zu k\u00f6nnen, beginnt bereits bei den ersten planerischen Vor\u00fcberlegungen.<\/p>\n<p><span style=\"color: #ff6600;\"><strong>Dokumentation<\/strong><\/span><\/p>\n<p>Digitale Prozessabbildung und Datenerfassung sichert die Nachhaltigkeit von optimierten Prozessen. Dabei ist die Vermeidung von Mehrfacharchivierung und die zentrale B\u00fcndelung relevanter Informationen der entscheidende Vorteil einer einheitlichen Dokumentationslogik. Gerade diese ist leider im operativen Gesch\u00e4ft h\u00e4ufig nicht mit Priorit\u00e4t versehen. Gerne unterst\u00fctzen wir Sie bei der Entwicklung Ihres Dokumentations- und Planungskonzeptes, welches dann mit \u00fcberschaubaren Aufwand in Ihr Tagesgesch\u00e4ft einflie\u00dfen kann.<\/p>\n","protected":false},"excerpt":{"rendered":"<p>Planung Glasfaser (FTTB, FTTH, FTTC), Koax (HFC, NE3, NE4) und SAT Netze planen und dokumentieren wir schwerpunktm\u00e4\u00dfig mit AND, \u2013 nach Kundenwunsch \u2013 jedoch auch mit anderen Softwaretools. Unser Fokus &#8230;<\/p>\n","protected":false},"author":1,"featured_media":0,"parent":148,"menu_order":0,"comment_status":"closed","ping_status":"closed","template":"","meta":{"footnotes":""},"class_list":["post-145","page","type-page","status-publish","hentry"],"_links":{"self":[{"href":"https:\/\/bb-netzdesign.de\/index.php?rest_route=\/wp\/v2\/pages\/145","targetHints":{"allow":["GET"]}}],"collection":[{"href":"https:\/\/bb-netzdesign.de\/index.php?rest_route=\/wp\/v2\/pages"}],"about":[{"href":"https:\/\/bb-netzdesign.de\/index.php?rest_route=\/wp\/v2\/types\/page"}],"author":[{"embeddable":true,"href":"https:\/\/bb-netzdesign.de\/index.php?rest_route=\/wp\/v2\/users\/1"}],"replies":[{"embeddable":true,"href":"https:\/\/bb-netzdesign.de\/index.php?rest_route=%2Fwp%2Fv2%2Fcomments&post=145"}],"version-history":[{"count":6,"href":"https:\/\/bb-netzdesign.de\/index.php?rest_route=\/wp\/v2\/pages\/145\/revisions"}],"predecessor-version":[{"id":444,"href":"https:\/\/bb-netzdesign.de\/index.php?rest_route=\/wp\/v2\/pages\/145\/revisions\/444"}],"up":[{"embeddable":true,"href":"https:\/\/bb-netzdesign.de\/index.php?rest_route=\/wp\/v2\/pages\/148"}],"wp:attachment":[{"href":"https:\/\/bb-netzdesign.de\/index.php?rest_route=%2Fwp%2Fv2%2Fmedia&parent=145"}],"curies":[{"name":"wp","href":"https:\/\/api.w.org\/{rel}","templated":true}]}}