{"id":74,"date":"2018-10-17T13:48:15","date_gmt":"2018-10-17T13:48:15","guid":{"rendered":"http:\/\/bb-netzdesign.de\/?page_id=74"},"modified":"2022-07-13T07:58:03","modified_gmt":"2022-07-13T07:58:03","slug":"qualitaetssicherung","status":"publish","type":"page","link":"https:\/\/bb-netzdesign.de\/?page_id=74","title":{"rendered":""},"content":{"rendered":"<p><span style=\"color: #ff6600;\"><strong>Qualit\u00e4t<\/strong><\/span><\/p>\n<p>Um unsere hohen Standards und das Niveau unserer Leistungen zu gew\u00e4hrleisten, durchlaufen unsere Projekte mehrere Stationen der Qualit\u00e4tssicherung.<\/p>\n<p><span style=\"color: #000000;\"><strong>Software<\/strong><\/span><\/p>\n<p>Durch den Einsatz unser Software wird das Netz nicht nur gezeichnet sondern zugleich simuliert. Dabei wird die Funktionsf\u00e4higkeit des Netzes\u00a0gepr\u00fcft. Die Software verf\u00fcgt \u00fcber In- und Exportschnittstellen f\u00fcr die Formate XLS, DXF, DWG. Das Netz wird georeferenziert und lagerichtig geplant. Durch die Einbindung vom amtlichen Kartenmaterial sowie WMS Diensten, hat der Planer stets eine gute \u00dcbersicht \u00fcber die genaue Position, in der die Planung gerade statt findet. Das alles sorgt f\u00fcr fehlerfreie und \u00fcbersichtliche Plan- sowie Ausf\u00fchrungsunterlagen.<\/p>\n<p><span style=\"color: #000000;\"><strong>Vier-Augen-Prinzip<\/strong><\/span><\/p>\n<p>Alle von uns erstellten Planungen durchlaufen eine Pr\u00fcfinstanz bevor diese dem Empf\u00e4nger \u00fcbergeben werden. Jedes Netz wird von einem zweiten Planer auf die Funktionsf\u00e4higkeit und Wirtschaftlichkeit punktuell \u00fcberpr\u00fcft. Dabei werden besonders fehlertr\u00e4chtige Netzpunkte in Augenschein genommen.<\/p>\n<p><span style=\"color: #000000;\"><strong>Begleitung und Unterweisung<\/strong><\/span><\/p>\n<p>Nach der \u00dcbergabe der Unterlagen werden die ausf\u00fchrenden Unternehmen in einem &#8222;kick off meeting&#8220; \u00fcber den Umgang mit den Unterlagen informiert. W\u00e4hrend der Bauzeit, vor allem zu Beginn, stehen wir mit unserem Team den Unternehmen f\u00fcr R\u00fcckfragen telefonisch zur Verf\u00fcgung.<\/p>\n","protected":false},"excerpt":{"rendered":"<p>Qualit\u00e4t Um unsere hohen Standards und das Niveau unserer Leistungen zu gew\u00e4hrleisten, durchlaufen unsere Projekte mehrere Stationen der Qualit\u00e4tssicherung. Software Durch den Einsatz unser Software wird das Netz nicht nur &#8230;<\/p>\n","protected":false},"author":1,"featured_media":0,"parent":148,"menu_order":0,"comment_status":"closed","ping_status":"closed","template":"","meta":{"footnotes":""},"class_list":["post-74","page","type-page","status-publish","hentry"],"_links":{"self":[{"href":"https:\/\/bb-netzdesign.de\/index.php?rest_route=\/wp\/v2\/pages\/74","targetHints":{"allow":["GET"]}}],"collection":[{"href":"https:\/\/bb-netzdesign.de\/index.php?rest_route=\/wp\/v2\/pages"}],"about":[{"href":"https:\/\/bb-netzdesign.de\/index.php?rest_route=\/wp\/v2\/types\/page"}],"author":[{"embeddable":true,"href":"https:\/\/bb-netzdesign.de\/index.php?rest_route=\/wp\/v2\/users\/1"}],"replies":[{"embeddable":true,"href":"https:\/\/bb-netzdesign.de\/index.php?rest_route=%2Fwp%2Fv2%2Fcomments&post=74"}],"version-history":[{"count":16,"href":"https:\/\/bb-netzdesign.de\/index.php?rest_route=\/wp\/v2\/pages\/74\/revisions"}],"predecessor-version":[{"id":455,"href":"https:\/\/bb-netzdesign.de\/index.php?rest_route=\/wp\/v2\/pages\/74\/revisions\/455"}],"up":[{"embeddable":true,"href":"https:\/\/bb-netzdesign.de\/index.php?rest_route=\/wp\/v2\/pages\/148"}],"wp:attachment":[{"href":"https:\/\/bb-netzdesign.de\/index.php?rest_route=%2Fwp%2Fv2%2Fmedia&parent=74"}],"curies":[{"name":"wp","href":"https:\/\/api.w.org\/{rel}","templated":true}]}}